{"id":1481,"date":"2017-02-08T01:50:20","date_gmt":"2017-02-08T01:50:20","guid":{"rendered":"http:\/\/tommustester.wpengine.com\/?page_id=1481"},"modified":"2023-09-13T07:06:48","modified_gmt":"2023-09-13T07:06:48","slug":"evenementiel","status":"publish","type":"page","link":"https:\/\/driiing.be\/en\/evenementiel\/","title":{"rendered":"Food Event agency for bar, caf\u00e9 or restaurant"},"content":{"rendered":"<section class=\"wpb-content-wrapper\"><p>[vc_row][vc_column][vc_empty_space height=&#8221;64px&#8221;][vc_column_text]<\/p>\n<h1 style=\"text-align: center;\">Une agence \u00e9v\u00e9nementielle Horeca<\/h1>\n<p>[\/vc_column_text][vc_empty_space height=&#8221;16px&#8221;][\/vc_column][\/vc_row][vc_section content_placement=&#8221;middle&#8221;][vc_row content_placement=&#8221;middle&#8221;][vc_column width=&#8221;1\/2&#8243;][vc_single_image image=&#8221;2970&#8243; img_size=&#8221;large&#8221;][\/vc_column][vc_column width=&#8221;1\/12&#8243;][\/vc_column][vc_column width=&#8221;5\/12&#8243;][vc_column_text]<span>La cr\u00e9ation d&#8217;\u00e9v\u00e9nements r\u00e9guliers est la meilleure fa\u00e7on de fid\u00e9liser votre client\u00e8le et de faire du bouche \u00e0 oreille, c&#8217;est une exp\u00e9rience festive pour vos clients et la meilleure fa\u00e7on de promouvoir la qualit\u00e9 de vos produits. Sans compter que vous faites partie du parcours culturel de votre ville, mais le revers de la m\u00e9daille est que cela prend beaucoup d&#8217;\u00e9nergie et de temps.<\/span>[\/vc_column_text][\/vc_column][\/vc_row][vc_row content_placement=&#8221;middle&#8221; css=&#8221;.vc_custom_1486518945275{padding-top: 100px !important;}&#8221;][vc_column width=&#8221;5\/12&#8243;][vc_column_text]Notre collaboration vous permet de vous d\u00e9barrasser de cet effort de travail. Nous <a href=\"https:\/\/driiing.be\/identite-visuelle\/\">concevons<\/a> vos flyers et supports de communication, nous nous occupons de la gestion des agendas en ligne et animons vos r\u00e9seaux sociaux.<br \/>\nNous pouvons \u00e9galement vous proposer des artistes et assurer une communication directe avec eux en les informant sur l&#8217;identit\u00e9 de votre bar, mais aussi sur les d\u00e9tails techniques : l&#8217;\u00e9quipement sonore, par exemple.[\/vc_column_text][\/vc_column][vc_column width=&#8221;1\/12&#8243;][\/vc_column][vc_column width=&#8221;1\/2&#8243;][vc_single_image image=&#8221;3180&#8243; img_size=&#8221;large&#8221;][\/vc_column][\/vc_row][vc_row css=&#8221;.vc_custom_1486519016297{padding-top: 100px !important;}&#8221;][vc_column width=&#8221;1\/3&#8243;]\n\t\t\t<div class=\" feature feature-1 boxed boxed--border \">\n\t\t\t    Vous souhaitez gagner du temps en continuant \u00e0 cr\u00e9er des \u00e9v\u00e9nements r\u00e9guliers dans votre \u00e9tablissement, entretenir votre client\u00e8le d&#8217;habitu\u00e9e et attirer de nouveaux clients. \n\t\t\t<\/div><!--end feature-->\n\t\t[vc_empty_space][\/vc_column][vc_column width=&#8221;1\/3&#8243;]\n\t\t\t<div class=\" feature feature-1 boxed boxed--border \">\n\t\t\t    Vous avez besoin de DJs ou d&#8217;artistes locaux ou internationaux pour vos \u00e9v\u00e9nements, qui peuvent s&#8217;adapter \u00e0 n&#8217;importe quel public et ambiance. \n\t\t\t<\/div><!--end feature-->\n\t\t[vc_empty_space][\/vc_column][vc_column width=&#8221;1\/3&#8243;]\n\t\t\t<div class=\" feature feature-1 boxed boxed--border \">\n\t\t\t    Des reportages <a href=\"https:\/\/driiing.be\/photographie\/\">photos<\/a> de vos \u00e9v\u00e9nements qui mettent en valeur vos produits et l&#8217;hospitalit\u00e9 de votre \u00e9tablissement \u00e0 partager sur les r\u00e9seaux sociaux. \n\t\t\t<\/div><!--end feature-->\n\t\t[vc_empty_space][\/vc_column][\/vc_row][vc_row full_width=&#8221;stretch_row&#8221;][vc_column]\n\t\t\t<section class=\"imagebg parallax \" data-overlay=\"3\" >\n\t\t\t\t<div class=\"background-image-holder\"><img loading=\"lazy\" decoding=\"async\" width=\"2048\" height=\"1152\" src=\"https:\/\/driiing.be\/wp-content\/uploads\/2018\/09\/brad-stallcup-783086-unsplash.jpg\" class=\"attachment-full size-full\" alt=\"\" srcset=\"https:\/\/driiing.be\/wp-content\/uploads\/2018\/09\/brad-stallcup-783086-unsplash.jpg 2048w, https:\/\/driiing.be\/wp-content\/uploads\/2018\/09\/brad-stallcup-783086-unsplash-300x169.jpg 300w, https:\/\/driiing.be\/wp-content\/uploads\/2018\/09\/brad-stallcup-783086-unsplash-768x432.jpg 768w, https:\/\/driiing.be\/wp-content\/uploads\/2018\/09\/brad-stallcup-783086-unsplash-1024x576.jpg 1024w, https:\/\/driiing.be\/wp-content\/uploads\/2018\/09\/brad-stallcup-783086-unsplash-600x338.jpg 600w\" sizes=\"auto, (max-width: 2048px) 100vw, 2048px\" \/><\/div>\n\t\t\t\t<div class=\"container\">\n\t\t\t\t\t<div class=\"row\">\n\t\t\t\t\t\t<div class=\"col-sm-12\">\n\t\t\t\t\t\t\t<div class=\"cta\">\n\t\t\t\t\t\t\t\t[vc_empty_space][vc_column_text]<\/p>\n<h4 style=\"text-align: left;\">Vous souhaitez \u00e9tablir un calendrier pr\u00e9cis pour la communication de vos \u00e9v\u00e9nements horeca et susciter l&#8217;int\u00e9r\u00eat de la presse?<\/h4>\n<p>[\/vc_column_text][vc_empty_space]\n\t\t\t<div class=\" cta cta--horizontal text-center-xs row\">\n\t\t\t    <div class=\"col-sm-4\">\n\t\t\t        <h4><\/h4>  \n\t\t\t    <\/div>\n\t\t\t    <div class=\"col-sm-5\">\n\t\t\t        <p class=\"lead\">Contactez-nous pour nous rencontrer.<\/p>\n\t\t\t    <\/div>\n\t\t\t    <div class=\"col-sm-3 text-right text-center-xs\">\n\t\t\t        <a class=\"btn btn--primary type--uppercase\" href=\"https:\/\/driiing.be\/contact\/\" target=\"_self\"><span class=\"btn__text\">Contact<\/span><\/a>\n\t\t\t    <\/div>\n\t\t\t<\/div>\n\t\t[vc_empty_space]\n\t\t\t\t\t\t\t<\/div>\n\t\t\t\t\t\t<\/div>\n\t\t\t\t\t<\/div><!--end of row-->\n\t\t\t\t<\/div><!--end of container-->\n\t\t\t\t\n\t\t\t<\/section>\n\t\t[\/vc_column][\/vc_row][\/vc_section][vc_row][vc_column width=&#8221;1\/2&#8243;][vc_empty_space height=&#8221;64px&#8221;][vc_column_text]Vous voulez cr\u00e9er plus d&#8217;\u00e9v\u00e9nements et attirer de nouveaux clients. Nous vous aidons \u00e0 cr\u00e9er des \u00e9v\u00e9nements r\u00e9currents. Nous mettons \u00e0 votre disposition des artistes et DJs, quelle que soit la tendance de votre bar, les artistes avec lesquels nous travaillons sont \u00e9clectiques et leur professionnalisme leur permet de s&#8217;adapter \u00e0 chaque public et ambiance.[\/vc_column_text][\/vc_column][vc_column width=&#8221;1\/2&#8243;][vc_empty_space height=&#8221;64px&#8221;][vc_column_text]<span><\/span><span>Notre agence food marketing concevra pour vous un \u00e9v\u00e9nement cr\u00e9atif \u00e0 votre image. Faites confiance \u00e0 notre savoir-faire pour faire passer votre message et faire perdurer votre bouche \u00e0 oreille. Notre agence dispose d&#8217;un parc de mat\u00e9riel et nos \u00e9quipes nous permettent de proposer des services tels que concerts, performances, d\u00e9fil\u00e9s de mode ou lancements de produits.<\/span>[\/vc_column_text][\/vc_column][\/vc_row][vc_row][vc_column][vc_empty_space][vc_empty_space][\/vc_column][\/vc_row][vc_row css=&#8221;.vc_custom_1546812681389{margin-bottom: 30px !important;}&#8221;][vc_column width=&#8221;5\/12&#8243;][\/vc_column][vc_column width=&#8221;7\/12&#8243;]<a class=\"btn  \" href=\"#\" data-notification-link=\"autoshowModal\"><span class=\"btn__text\">Trigger Notification<\/span><\/a>\n\t\t\t<div class=\" notification pos-right pos-bottom col-sm-4 col-md-3\" data-animation=\"from-bottom\" data-notification-link=\"autoshowModal\" data-autoshow=\"500\">\n\t\t\t\t<div class=\"boxed boxed--border border--round box-shadow\">\n\t\t\t\t\t[vc_column_text css_animation=&#8221;fadeIn&#8221;]<\/p>\n<h5>T\u00e9l\u00e9chargez nos ressources !<\/h5>\n<p>En allant sur cette <a href=\"https:\/\/driiing.be\/ressources-et-brief-horeca\/\">page<\/a>, vous pouvez t\u00e9l\u00e9charger nos ressources \u00e0 votre disposition : briefs, questionnaires, rappels, fiches persona&#8230;.[\/vc_column_text]\n\t\t\t\t<\/div>\n\t\t\t<\/div><!--end of notification-->\n\t\t[\/vc_column][\/vc_row]<\/p>\n<\/section>","protected":false},"excerpt":{"rendered":"<p>[vc_row][vc_column][vc_empty_space height=&#8221;64px&#8221;][vc_column_text] Une agence \u00e9v\u00e9nementielle Horeca [\/vc_column_text][vc_empty_space height=&#8221;16px&#8221;][\/vc_column][\/vc_row][vc_section content_placement=&#8221;middle&#8221;][vc_row content_placement=&#8221;middle&#8221;][vc_column width=&#8221;1\/2&#8243;][vc_single_image image=&#8221;2970&#8243; img_size=&#8221;large&#8221;][\/vc_column][vc_column width=&#8221;1\/12&#8243;][\/vc_column][vc_column width=&#8221;5\/12&#8243;][vc_column_text]La cr\u00e9ation d&#8217;\u00e9v\u00e9nements r\u00e9guliers est la meilleure fa\u00e7on&#8230;<\/p>\n","protected":false},"author":1,"featured_media":0,"parent":0,"menu_order":0,"comment_status":"closed","ping_status":"closed","template":"","meta":{"footnotes":""},"class_list":["post-1481","page","type-page","status-publish","hentry"],"_links":{"self":[{"href":"https:\/\/driiing.be\/en\/wp-json\/wp\/v2\/pages\/1481","targetHints":{"allow":["GET"]}}],"collection":[{"href":"https:\/\/driiing.be\/en\/wp-json\/wp\/v2\/pages"}],"about":[{"href":"https:\/\/driiing.be\/en\/wp-json\/wp\/v2\/types\/page"}],"author":[{"embeddable":true,"href":"https:\/\/driiing.be\/en\/wp-json\/wp\/v2\/users\/1"}],"replies":[{"embeddable":true,"href":"https:\/\/driiing.be\/en\/wp-json\/wp\/v2\/comments?post=1481"}],"version-history":[{"count":5,"href":"https:\/\/driiing.be\/en\/wp-json\/wp\/v2\/pages\/1481\/revisions"}],"predecessor-version":[{"id":5091,"href":"https:\/\/driiing.be\/en\/wp-json\/wp\/v2\/pages\/1481\/revisions\/5091"}],"wp:attachment":[{"href":"https:\/\/driiing.be\/en\/wp-json\/wp\/v2\/media?parent=1481"}],"curies":[{"name":"wp","href":"https:\/\/api.w.org\/{rel}","templated":true}]}}