{"id":1523,"date":"2017-02-08T17:59:54","date_gmt":"2017-02-08T17:59:54","guid":{"rendered":"http:\/\/tommustester.wpengine.com\/?page_id=1523"},"modified":"2023-09-13T07:54:00","modified_gmt":"2023-09-13T07:54:00","slug":"votre-site-internet-horeca","status":"publish","type":"page","link":"https:\/\/driiing.be\/en\/votre-site-internet-horeca\/","title":{"rendered":"Web design food marketing agency for caf\u00e9, bar, restaurant"},"content":{"rendered":"<section class=\"wpb-content-wrapper\"><p>[vc_row][vc_column][vc_column_text][\/vc_column_text][\/vc_column][\/vc_row][vc_row][vc_column][vc_empty_space height=&#8221;64px&#8221;][vc_column_text]<\/p>\n<h1 style=\"text-align: center;\">AGENCE DE WEB DESIGN POUR L&#8217;HORECA<\/h1>\n<p>[\/vc_column_text][\/vc_column][\/vc_row][vc_section][vc_row][vc_column width=&#8221;1\/6&#8243;][\/vc_column][vc_column width=&#8221;2\/3&#8243;][vc_column_text]<\/p>\n<h2><em>Etre pr\u00e9sent sur le web ne suffit pas : pour que votre site web soit efficace, chaque \u00e9l\u00e9ment de votre plan de communication doit y \u00eatre adapt\u00e9.<\/em><\/h2>\n<p>[\/vc_column_text][\/vc_column][vc_column width=&#8221;1\/6&#8243;][\/vc_column][\/vc_row][vc_row][vc_column][vc_empty_space height=&#8221;64px&#8221;]\n\t\t<div class=\" slider\" data-arrows=\"false\" data-paging=\"true\" data-autoplay=\"true\" data-timing=\"7000\">\n\t\t\t<ul class=\"slides\">\n\t\n\t\t\t\t<li class=\"col-sm-6\">\n\t\t\t\t\t<img loading=\"lazy\" decoding=\"async\" width=\"1347\" height=\"681\" src=\"https:\/\/driiing.be\/wp-content\/uploads\/2019\/01\/2019-01-06-21_42_05-Document1-Word.jpg\" class=\"attachment-full size-full\" alt=\"webdesign site horeca bruxelles\" \/>\n\t\t\t\t<\/li>\n\t\t\t\n\t\t\t\t<li class=\"col-sm-6\">\n\t\t\t\t\t<img loading=\"lazy\" decoding=\"async\" width=\"1349\" height=\"686\" src=\"https:\/\/driiing.be\/wp-content\/uploads\/2019\/01\/2019-01-06-21_29_22-.jpg\" class=\"attachment-full size-full\" alt=\"webdesign site horeca bruxelles\" \/>\n\t\t\t\t<\/li>\n\t\t\t\n\t\t\t\t<li class=\"col-sm-6\">\n\t\t\t\t\t<img loading=\"lazy\" decoding=\"async\" width=\"1349\" height=\"683\" src=\"https:\/\/driiing.be\/wp-content\/uploads\/2019\/01\/2019-01-06-22_27_38-2019-01-06-21_48_32-.png-@-735-RGB_8-_.jpg\" class=\"attachment-full size-full\" alt=\"webdesign site horeca bruxelles\" srcset=\"https:\/\/driiing.be\/wp-content\/uploads\/2019\/01\/2019-01-06-22_27_38-2019-01-06-21_48_32-.png-@-735-RGB_8-_.jpg 1349w, https:\/\/driiing.be\/wp-content\/uploads\/2019\/01\/2019-01-06-22_27_38-2019-01-06-21_48_32-.png-@-735-RGB_8-_-300x152.jpg 300w, https:\/\/driiing.be\/wp-content\/uploads\/2019\/01\/2019-01-06-22_27_38-2019-01-06-21_48_32-.png-@-735-RGB_8-_-768x389.jpg 768w, https:\/\/driiing.be\/wp-content\/uploads\/2019\/01\/2019-01-06-22_27_38-2019-01-06-21_48_32-.png-@-735-RGB_8-_-1024x518.jpg 1024w\" sizes=\"auto, (max-width: 1349px) 100vw, 1349px\" \/>\n\t\t\t\t<\/li>\n\t\t\t\n\t\t\t\t<li class=\"col-sm-6\">\n\t\t\t\t\t<img loading=\"lazy\" decoding=\"async\" width=\"1346\" height=\"642\" src=\"https:\/\/driiing.be\/wp-content\/uploads\/2019\/01\/grabilla.244800.jpg\" class=\"attachment-full size-full\" alt=\"webdesign site horeca bruxelles\" srcset=\"https:\/\/driiing.be\/wp-content\/uploads\/2019\/01\/grabilla.244800.jpg 1346w, https:\/\/driiing.be\/wp-content\/uploads\/2019\/01\/grabilla.244800-300x143.jpg 300w, https:\/\/driiing.be\/wp-content\/uploads\/2019\/01\/grabilla.244800-768x366.jpg 768w, https:\/\/driiing.be\/wp-content\/uploads\/2019\/01\/grabilla.244800-1024x488.jpg 1024w\" sizes=\"auto, (max-width: 1346px) 100vw, 1346px\" \/>\n\t\t\t\t<\/li>\n\t\t\t\n\t\t\t\t<li class=\"col-sm-6\">\n\t\t\t\t\t<img loading=\"lazy\" decoding=\"async\" width=\"1349\" height=\"685\" src=\"https:\/\/driiing.be\/wp-content\/uploads\/2019\/01\/Screenshot_1.jpg\" class=\"attachment-full size-full\" alt=\"webdesign site horeca bruxelles\" \/>\n\t\t\t\t<\/li>\n\t\t\t\n\t\t\t\t<li class=\"col-sm-6\">\n\t\t\t\t\t<img loading=\"lazy\" decoding=\"async\" width=\"1349\" height=\"685\" src=\"https:\/\/driiing.be\/wp-content\/uploads\/2019\/01\/2019-01-06-21_48_32-.jpg\" class=\"attachment-full size-full\" alt=\"webdesign site horeca bruxelles\" \/>\n\t\t\t\t<\/li>\n\t\t\t\n\t\t\t<\/ul>\n\t\t<\/div>\n\t[vc_empty_space][\/vc_column][\/vc_row][vc_row css=&#8221;.vc_custom_1486576928313{padding-top: 100px !important;}&#8221;][vc_column width=&#8221;1\/2&#8243;]\n\t\t\t<div class=\" feature feature-3 boxed boxed--lg boxed--border text-center\">\n\t\t\t    <span class=\"icon icon--lg \"><\/span>\n\t\t\t    Vous souhaitez cr\u00e9er un site web ou refaire votre site actuel ? En tant qu&#8217;agence Internet sp\u00e9cialis\u00e9e dans les bars, caf\u00e9s ou restaurants, nous vous accompagnons dans votre projet et cr\u00e9ons pour vous un site Internet efficace et orient\u00e9 r\u00e9sultats.<br \/>\nNotre collaboration permet de cr\u00e9er un site Internet ergonomique et r\u00e9guli\u00e8rement mis \u00e0 jour, afin de mettre en valeur vos produits, vos \u00e9v\u00e9nements et bien s\u00fbr la qualit\u00e9 de votre accueil.\n\t\t\t<\/div><!--end feature-->\n\t\t[\/vc_column][vc_column width=&#8221;1\/2&#8243;]\n\t\t\t<div class=\" feature feature-3 boxed boxed--lg boxed--border text-center\">\n\t\t\t    <span class=\"icon icon--lg \"><\/span>\n\t\t\t    Nous y d\u00e9veloppons une strat\u00e9gie de contenu qui vous positionnera id\u00e9alement face \u00e0 vos concurrents.<br \/>\nUn site qui vous apportera plus de contacts et de partenaires qualifi\u00e9s pour votre entreprise et vous permettra de mettre en place une newsletter pour vos clients et partenaires professionnels.<br \/>\nDe plus, gr\u00e2ce \u00e0 la puissance du r\u00e9f\u00e9rencement, vous serez \u00e9galement bien plac\u00e9 dans les r\u00e9sultats de Google sur des requ\u00eates sp\u00e9cifiques.\n\t\t\t<\/div><!--end feature-->\n\t\t[\/vc_column][\/vc_row][vc_row][vc_column][vc_empty_space height=&#8221;64px&#8221;][vc_empty_space height=&#8221;64px&#8221;][\/vc_column][\/vc_row][vc_row full_width=&#8221;stretch_row&#8221;][vc_column]\n\t\t\t<section class=\" imageblock switchable switchable--switch regular-background feature-large space--sm\">\n\t\t\t    <div class=\"imageblock__content col-md-6 col-sm-4 pos-right\">\n\t\t\t        <div class=\"background-image-holder\">\n\t\t\t            <img loading=\"lazy\" decoding=\"async\" width=\"2048\" height=\"1365\" src=\"https:\/\/driiing.be\/wp-content\/uploads\/2018\/10\/fancycrave-771288-unsplash.jpg\" class=\"attachment-full size-full\" alt=\"\" srcset=\"https:\/\/driiing.be\/wp-content\/uploads\/2018\/10\/fancycrave-771288-unsplash.jpg 2048w, https:\/\/driiing.be\/wp-content\/uploads\/2018\/10\/fancycrave-771288-unsplash-300x200.jpg 300w, https:\/\/driiing.be\/wp-content\/uploads\/2018\/10\/fancycrave-771288-unsplash-768x512.jpg 768w, https:\/\/driiing.be\/wp-content\/uploads\/2018\/10\/fancycrave-771288-unsplash-1024x683.jpg 1024w\" sizes=\"auto, (max-width: 2048px) 100vw, 2048px\" \/>\n\t\t\t        <\/div>\n\t\t\t    <\/div>\n\t\t\t    <div class=\"container\">\n\t\t\t        <div class=\"row\">\n\t\t\t            <div class=\"col-md-5 col-sm-7\">\n\t\t\t                [vc_column_text]Aujourd&#8217;hui, un site est vu aussi bien sur un t\u00e9l\u00e9phone portable que sur un ordinateur, une personne qui cherche votre bar, caf\u00e9 ou restaurant depuis son smartphone, cherchera des informations pr\u00e9cises et de qualit\u00e9 : votre num\u00e9ro de t\u00e9l\u00e9phone pour une r\u00e9servation, votre adresse pour \u00e9tablir un itin\u00e9raire avec Google Map, il veut conna\u00eetre rapidement votre sp\u00e9cificit\u00e9 et enfin il veut conna\u00eetre l&#8217;\u00e9v\u00e9nement qui se d\u00e9roule dans votre bar, caf\u00e9 ou restaurant le m\u00eame jour.[\/vc_column_text]\n\t\t\t            <\/div>\n\t\t\t        <\/div><!--end of row-->\n\t\t\t    <\/div><!--end of container-->\n\t\t\t<\/section>\n\t\t[\/vc_column][\/vc_row][vc_row][vc_column][vc_empty_space height=&#8221;64px&#8221;][vc_empty_space height=&#8221;64px&#8221;][\/vc_column][\/vc_row][vc_row full_width=&#8221;stretch_row&#8221;][vc_column]<div class=\"tabs-container text-center \" data-content-align=\"left\"><ul class=\"tabs section-tabs\">[vc_row_inner ebor_title=&#8221;D\u00e9ploiement&#8221; ebor_type=&#8221;tab&#8221;][vc_column_inner width=&#8221;1\/3&#8243;]\n\t\t\t<div class=\" feature feature-1 boxed boxed--border \">\n\t\t\t    Un site compatible mobile qui met en valeur vos produits, votre accueil et vos \u00e9v\u00e9nements. \n\t\t\t<\/div><!--end feature-->\n\t\t[\/vc_column_inner][vc_column_inner width=&#8221;1\/3&#8243;]\n\t\t\t<div class=\" feature feature-1 boxed boxed--border \">\n\t\t\t    Nous nous occupons de l&#8217;aspect technique : nom de domaine, h\u00e9bergement, redirection&#8230; \n\t\t\t<\/div><!--end feature-->\n\t\t[\/vc_column_inner][vc_column_inner width=&#8221;1\/3&#8243;]\n\t\t\t<div class=\" feature feature-1 boxed boxed--border \">\n\t\t\t    Les internautes trouveront rapidement l&#8217;information qu&#8217;ils recherchent, r\u00e9duisant ainsi le nombre de clics. \n\t\t\t<\/div><!--end feature-->\n\t\t[\/vc_column_inner][\/vc_row_inner][vc_row_inner ebor_title=&#8221;R\u00e9f\u00e9rencement&#8221; ebor_type=&#8221;tab&#8221;][vc_column_inner width=&#8221;1\/3&#8243;]\n\t\t\t<div class=\" feature feature-1 boxed boxed--border \">\n\t\t\t    Nous rendons votre site rapide : Un site lent est p\u00e9nalis\u00e9 par Google et moins un utilisateur le visitera. Cela entrave votre r\u00e9f\u00e9rencement. \n\t\t\t<\/div><!--end feature-->\n\t\t[\/vc_column_inner][vc_column_inner width=&#8221;1\/3&#8243;]\n\t\t\t<div class=\" feature feature-1 boxed boxed--border \">\n\t\t\t    Un site multilingue, en fran\u00e7ais, n\u00e9erlandais et anglais, Faites de votre \u00e9tablissement un lieu privil\u00e9gi\u00e9 pour les touristes. \n\t\t\t<\/div><!--end feature-->\n\t\t[\/vc_column_inner][vc_column_inner width=&#8221;1\/3&#8243;]\n\t\t\t<div class=\" feature feature-1 boxed boxed--border \">\n\t\t\t    Pour s&#8217;assurer qu&#8217;il est r\u00e9f\u00e9renc\u00e9 sur les bonnes requ\u00eates, nous suivons les recommandations de l&#8217;\u00e9criture web. \n\t\t\t<\/div><!--end feature-->\n\t\t[\/vc_column_inner][\/vc_row_inner][vc_row_inner ebor_title=&#8221;Production&#8221; ebor_type=&#8221;tab&#8221;][vc_column_inner width=&#8221;1\/3&#8243;]\n\t\t\t<div class=\" feature feature-1 boxed boxed--border \">\n\t\t\t    Nous adaptons l&#8217;ergonomie et le design de votre site Internet \u00e0 votre identit\u00e9 visuelle et \u00e0 votre concept. \n\t\t\t<\/div><!--end feature-->\n\t\t[\/vc_column_inner][vc_column_inner width=&#8221;1\/3&#8243;]\n\t\t\t<div class=\" feature feature-1 boxed boxed--border \">\n\t\t\t    Nous cr\u00e9ons du contenu textuel pour le rendre fort et percutant, qui encourage les visiteurs \u00e0 se rendre \u00e0 votre restaurant. \n\t\t\t<\/div><!--end feature-->\n\t\t[\/vc_column_inner][vc_column_inner width=&#8221;1\/3&#8243;]\n\t\t\t<div class=\" feature feature-1 boxed boxed--border \">\n\t\t\t    Un site qui invite vos visiteurs \u00e0 s&#8217;abonner \u00e0 votre newsletter et augmente votre audience. \n\t\t\t<\/div><!--end feature-->\n\t\t[\/vc_column_inner][\/vc_row_inner]<\/ul><\/div>[\/vc_column][\/vc_row][vc_row][vc_column][vc_empty_space][vc_empty_space][vc_empty_space][vc_empty_space][\/vc_column][\/vc_row][vc_row][vc_column][vc_row_inner][vc_column_inner width=&#8221;1\/4&#8243;][\/vc_column_inner][vc_column_inner width=&#8221;1\/2&#8243;][vc_column_text]<\/p>\n<h4 style=\"text-align: center;\">Nous travaillons avec <a href=\"http:\/\/www.dodat.work\">dodat.work<\/a> pour vous former \u00e0 WordPress si le besoin d&#8217;\u00eatre autonome avec votre site est important pour vous, cela vous permet \u00e9galement de former vos employ\u00e9s.<\/h4>\n<p>[\/vc_column_text][\/vc_column_inner][vc_column_inner width=&#8221;1\/4&#8243;][\/vc_column_inner][\/vc_row_inner][\/vc_column][\/vc_row][vc_row][vc_column width=&#8221;1\/2&#8243;][vc_empty_space height=&#8221;64px&#8221;][vc_single_image image=&#8221;4323&#8243; img_size=&#8221;large&#8221;][vc_empty_space][\/vc_column][vc_column width=&#8221;1\/2&#8243;][vc_empty_space height=&#8221;64px&#8221;][vc_single_image image=&#8221;4322&#8243; img_size=&#8221;large&#8221;][vc_empty_space height=&#8221;64px&#8221;][\/vc_column][\/vc_row][vc_row full_width=&#8221;stretch_row&#8221;][vc_column][vc_empty_space][vc_row_inner][vc_column_inner width=&#8221;1\/3&#8243;]\n\t\t\t<div class=\" feature feature-1 boxed boxed--border \">\n\t\t\t    Nos cours de formation WordPress sont ax\u00e9s sur la pratique et le d\u00e9ploiement du contenu. Apr\u00e8s la formation, vous aurez votre site en .be ou .com et aurez acquis les bases et meilleures pratiques pour utiliser votre site \u00e0 son plein potentiel, et ce, sans avoir \u00e0 utiliser du code !<br \/>\nVous apprendrez comment donner vie \u00e0 votre site, \u00e0 le mettre \u00e0 jour et mettre en avants vos atouts. \n\t\t\t<\/div><!--end feature-->\n\t\t[\/vc_column_inner][vc_column_inner width=&#8221;1\/3&#8243;]\n\t\t\t<div class=\" feature feature-1 boxed boxed--border \">\n\t\t\t    Pour chaque session de cours, vous recevrez des explications et des rappels des points les plus importants sur papier.<br \/>\nDe plus, nous vous encourageons \u00e0 partager avec nous les points qui sont les plus importants pour vous, afin que nous puissions pr\u00e9parer un cours sur mesure et adapt\u00e9 \u00e0 vos besoins. \n\t\t\t<\/div><!--end feature-->\n\t\t[\/vc_column_inner][vc_column_inner width=&#8221;1\/3&#8243;]\n\t\t\t<div class=\" feature feature-1 boxed boxed--border \">\n\t\t\t    Vous apprendrez \u00e0 communiquer sur votre activit\u00e9, la technique est importante, mais votre contenu (produits, \u00e9v\u00e9nement, proposition de valeur) a la priorit\u00e9.<br \/>\nPour \u00e9viter d&#8217;avoir \u00e0 utiliser du code, nous utilisons un g\u00e9n\u00e9rateur de th\u00e8me, l&#8217;un des plus courants : <a href=\"https:\/\/wpbakery.com\/\">WPbakery<\/a>, afin que vous puissiez utiliser des blocs pour organiser votre site de la mani\u00e8re la plus simple et ergonomique possible. \n\t\t\t<\/div><!--end feature-->\n\t\t[\/vc_column_inner][\/vc_row_inner][\/vc_column][\/vc_row][vc_row][vc_column][vc_empty_space height=&#8221;64px&#8221;][vc_empty_space][\/vc_column][\/vc_row][vc_row full_width=&#8221;stretch_row&#8221;][vc_column][vc_empty_space]\n\t\t\t<section class=\" cover height-80 imagebg\" data-overlay=\"6\" >\n\t\t\t\t<div class=\"background-image-holder\">\n\t\t\t\t\t<img loading=\"lazy\" decoding=\"async\" width=\"1920\" height=\"1280\" src=\"https:\/\/driiing.be\/wp-content\/uploads\/2019\/01\/analytics-2618277_1920.jpg\" class=\"attachment-full size-full\" alt=\"\" srcset=\"https:\/\/driiing.be\/wp-content\/uploads\/2019\/01\/analytics-2618277_1920.jpg 1920w, https:\/\/driiing.be\/wp-content\/uploads\/2019\/01\/analytics-2618277_1920-300x200.jpg 300w, https:\/\/driiing.be\/wp-content\/uploads\/2019\/01\/analytics-2618277_1920-768x512.jpg 768w, https:\/\/driiing.be\/wp-content\/uploads\/2019\/01\/analytics-2618277_1920-1024x683.jpg 1024w\" sizes=\"auto, (max-width: 1920px) 100vw, 1920px\" \/>\n\t\t\t\t<\/div>\n\t\t\t\t<div class=\"container pos-vertical-center\">\n\t\t\t\t\t<div class=\"row\">\n\t\t\t\t\t\t<div class=\"col-sm-12\">[vc_column_text]<\/p>\n<h3 style=\"text-align: center;\">Comme la plupart des entreprises, vous savez l&#8217;importance d&#8217;\u00eatre pr\u00e9sent sur le web, mais peut-\u00eatre n&#8217;avez-vous pas encore mesur\u00e9 l&#8217;impact que le r\u00e9f\u00e9rencement peut avoir sur votre entreprise. C&#8217;est une activit\u00e9 complexe qui n\u00e9cessite une bonne connaissance de ce m\u00e9tier.<\/h3>\n<p style=\"text-align: center;\"><a href=\"https:\/\/driiing.be\/contact\/\">Contactez-nous<\/a><\/p>\n<p>[\/vc_column_text]<\/div>\n\t\t\t\t\t<\/div><!--end of row-->\n\t\t\t\t<\/div><!--end of container-->\n\t\t\t\t\n\t\t\t<\/section>\n\t\t[vc_empty_space height=&#8221;64px&#8221;][\/vc_column][\/vc_row][\/vc_section][vc_section css=&#8221;.vc_custom_1546802140537{background-image: url(http:\/\/stack.tommusdemos.wpengine.com\/wp-content\/uploads\/sites\/62\/2017\/02\/landing-1.jpg?id=593) !important;background-position: center !important;background-repeat: no-repeat !important;background-size: cover !important;}&#8221;][\/vc_section][vc_row full_width=&#8221;stretch_row&#8221;][vc_column]\n\t\t\t<section class=\" bg--primary unpad cta cta-2\">\n\t\t\t\t<a href=\"https:\/\/driiing.be\/contact\/\" target=\"_self\">\n\t\t\t\t\t<div class=\"container\">\n\t\t\t\t\t\t<div class=\"row\">\n\t\t\t\t\t\t\t<div class=\"col-sm-12 text-center\">\n\t\t\t\t\t\t\t\t<h2>Contactez-nous<\/h2>\n\t\t\t\t\t\t\t<\/div>\n\t\t\t\t\t\t<\/div><!--end of row-->\n\t\t\t\t\t<\/div><!--end of container-->\n\t\t\t\t<\/a>\n\t\t\t<\/section>\n\t\t[vc_empty_space height=&#8221;64px&#8221;][\/vc_column][\/vc_row][vc_row][vc_column][vc_column_text][\/vc_column_text][\/vc_column][\/vc_row]<\/p>\n<\/section>","protected":false},"excerpt":{"rendered":"<p>[vc_row][vc_column][vc_column_text][\/vc_column_text][\/vc_column][\/vc_row][vc_row][vc_column][vc_empty_space height=&#8221;64px&#8221;][vc_column_text] AGENCE DE WEB DESIGN POUR L&#8217;HORECA [\/vc_column_text][\/vc_column][\/vc_row][vc_section][vc_row][vc_column width=&#8221;1\/6&#8243;][\/vc_column][vc_column width=&#8221;2\/3&#8243;][vc_column_text] Etre pr\u00e9sent sur le web ne suffit pas : pour que&#8230;<\/p>\n","protected":false},"author":1,"featured_media":0,"parent":0,"menu_order":0,"comment_status":"closed","ping_status":"closed","template":"","meta":{"footnotes":""},"class_list":["post-1523","page","type-page","status-publish","hentry"],"_links":{"self":[{"href":"https:\/\/driiing.be\/en\/wp-json\/wp\/v2\/pages\/1523","targetHints":{"allow":["GET"]}}],"collection":[{"href":"https:\/\/driiing.be\/en\/wp-json\/wp\/v2\/pages"}],"about":[{"href":"https:\/\/driiing.be\/en\/wp-json\/wp\/v2\/types\/page"}],"author":[{"embeddable":true,"href":"https:\/\/driiing.be\/en\/wp-json\/wp\/v2\/users\/1"}],"replies":[{"embeddable":true,"href":"https:\/\/driiing.be\/en\/wp-json\/wp\/v2\/comments?post=1523"}],"version-history":[{"count":3,"href":"https:\/\/driiing.be\/en\/wp-json\/wp\/v2\/pages\/1523\/revisions"}],"predecessor-version":[{"id":5099,"href":"https:\/\/driiing.be\/en\/wp-json\/wp\/v2\/pages\/1523\/revisions\/5099"}],"wp:attachment":[{"href":"https:\/\/driiing.be\/en\/wp-json\/wp\/v2\/media?parent=1523"}],"curies":[{"name":"wp","href":"https:\/\/api.w.org\/{rel}","templated":true}]}}