{"id":1533,"date":"2017-02-08T18:16:57","date_gmt":"2017-02-08T18:16:57","guid":{"rendered":"http:\/\/tommustester.wpengine.com\/?page_id=1533"},"modified":"2023-09-13T07:10:00","modified_gmt":"2023-09-13T07:10:00","slug":"community-management","status":"publish","type":"page","link":"https:\/\/driiing.be\/en\/community-management\/","title":{"rendered":"Food Community Management"},"content":{"rendered":"<section class=\"wpb-content-wrapper\"><p>[vc_row full_width=&#8221;stretch_row&#8221;][vc_column]\n\t\t\t<section class=\" cover height-80 imagebg\" data-overlay=\"5\" >\n\t\t\t\t<div class=\"background-image-holder\">\n\t\t\t\t\t<img loading=\"lazy\" decoding=\"async\" width=\"960\" height=\"591\" src=\"https:\/\/driiing.be\/wp-content\/uploads\/2018\/09\/Facebook_2_Cake.jpg\" class=\"attachment-full size-full\" alt=\"\" srcset=\"https:\/\/driiing.be\/wp-content\/uploads\/2018\/09\/Facebook_2_Cake.jpg 960w, https:\/\/driiing.be\/wp-content\/uploads\/2018\/09\/Facebook_2_Cake-300x185.jpg 300w, https:\/\/driiing.be\/wp-content\/uploads\/2018\/09\/Facebook_2_Cake-768x473.jpg 768w\" sizes=\"auto, (max-width: 960px) 100vw, 960px\" \/>\n\t\t\t\t<\/div>\n\t\t\t\t<div class=\"container pos-vertical-center\">\n\t\t\t\t\t<div class=\"row\">\n\t\t\t\t\t\t<div class=\"col-sm-12\">\n\t\t<div class=\"typed-headline text-center color--white\">\n\t\t\t<span class=\"h1 inline-block\">Votre visibilit\u00e9 sur<\/span>\n\t\t\t<span class=\"h1 inline-block typed-text typed-text--cursor color--primary\" data-typed-strings=\"les agendas en ligne,instagram,facebook,tripadvisor\"><\/span>\n\t\t\t<span class=\"h1 inline-block\"><\/span>\n\t\t<\/div>\n\t[vc_column_text]<\/p>\n<h4 style=\"text-align: center;\">Le storytelling est la cl\u00e9 de toute communication. Votre entreprise est une histoire \u00e0 partager sur les r\u00e9seaux sociaux pour f\u00e9d\u00e9rer une communaut\u00e9.<\/h4>\n<h1 style=\"text-align: center;\">Une agence de community management food pour les bars, caf\u00e9s ou restaurants<\/h1>\n<p>[\/vc_column_text]<\/div>\n\t\t\t\t\t<\/div><!--end of row-->\n\t\t\t\t<\/div><!--end of container-->\n\t\t\t\t\n\t\t\t<\/section>\n\t\t[\/vc_column][\/vc_row][vc_row full_width=&#8221;stretch_row&#8221;][vc_column]\n\t\t\t<section class=\" imageblock switchable switchable--switch regular-background feature-large space--sm\">\n\t\t\t    <div class=\"imageblock__content col-md-6 col-sm-4 pos-right\">\n\t\t\t        <div class=\"background-image-holder\">\n\t\t\t            <img loading=\"lazy\" decoding=\"async\" width=\"1920\" height=\"1280\" src=\"https:\/\/driiing.be\/wp-content\/uploads\/2018\/09\/smartphone-407108_1920-1.jpg\" class=\"attachment-full size-full\" alt=\"\" srcset=\"https:\/\/driiing.be\/wp-content\/uploads\/2018\/09\/smartphone-407108_1920-1.jpg 1920w, https:\/\/driiing.be\/wp-content\/uploads\/2018\/09\/smartphone-407108_1920-1-300x200.jpg 300w, https:\/\/driiing.be\/wp-content\/uploads\/2018\/09\/smartphone-407108_1920-1-768x512.jpg 768w, https:\/\/driiing.be\/wp-content\/uploads\/2018\/09\/smartphone-407108_1920-1-1024x683.jpg 1024w\" sizes=\"auto, (max-width: 1920px) 100vw, 1920px\" \/>\n\t\t\t        <\/div>\n\t\t\t    <\/div>\n\t\t\t    <div class=\"container\">\n\t\t\t        <div class=\"row\">\n\t\t\t            <div class=\"col-md-5 col-sm-7\">\n\t\t\t                [vc_column_text]Les r\u00e9seaux sociaux sont des supports essentiels pour toute strat\u00e9gie de communication. Cependant, une parfaite connaissance de cet univers et de ses particularit\u00e9s est n\u00e9cessaire pour profiter pleinement de son immense potentiel.<br \/>\nLes r\u00e9seaux sociaux \u00e9voluent rapidement, alors que tout le monde ne jurait que par Facebook, il est maintenant essentiel d&#8217;\u00eatre actif sur Instagram ou m\u00eame YouTube.<br \/>\nDe plus, vous devez avoir une pr\u00e9sence de qualit\u00e9 sur les agendas en ligne locaux et internationaux, surtout si vous voulez atteindre une client\u00e8le touristique ou une niche culturelle.[\/vc_column_text]\n\t\t\t            <\/div>\n\t\t\t        <\/div><!--end of row-->\n\t\t\t    <\/div><!--end of container-->\n\t\t\t<\/section>\n\t\t[\/vc_column][\/vc_row][vc_row full_width=&#8221;stretch_row&#8221;][vc_column]\n\t\t\t<section class=\" imageblock switchable feature-large regular-background space--sm\">\n\t\t\t    <div class=\"imageblock__content col-md-6 col-sm-4 pos-right\">\n\t\t\t        <div class=\"background-image-holder\">\n\t\t\t            <img loading=\"lazy\" decoding=\"async\" width=\"1920\" height=\"1280\" src=\"https:\/\/driiing.be\/wp-content\/uploads\/2018\/09\/adult-1869430_1920.jpg\" class=\"attachment-full size-full\" alt=\"\" srcset=\"https:\/\/driiing.be\/wp-content\/uploads\/2018\/09\/adult-1869430_1920.jpg 1920w, https:\/\/driiing.be\/wp-content\/uploads\/2018\/09\/adult-1869430_1920-300x200.jpg 300w, https:\/\/driiing.be\/wp-content\/uploads\/2018\/09\/adult-1869430_1920-768x512.jpg 768w, https:\/\/driiing.be\/wp-content\/uploads\/2018\/09\/adult-1869430_1920-1024x683.jpg 1024w\" sizes=\"auto, (max-width: 1920px) 100vw, 1920px\" \/>\n\t\t\t        <\/div>\n\t\t\t    <\/div>\n\t\t\t    <div class=\"container\">\n\t\t\t        <div class=\"row\">\n\t\t\t            <div class=\"col-md-5 col-sm-7\">\n\t\t\t                [vc_column_text]Votre bar, caf\u00e9 ou restaurant est une histoire et des rencontres, ces anecdotes sont les plus susceptibles de toucher vos clients, il s&#8217;agit avant tout de les impliquer.<\/p>\n<p>C&#8217;est cette histoire qu&#8217;il faut raconter pour donner une identit\u00e9 tangible et un sens \u00e0 votre communication.[\/vc_column_text]\n\t\t\t            <\/div>\n\t\t\t        <\/div><!--end of row-->\n\t\t\t    <\/div><!--end of container-->\n\t\t\t<\/section>\n\t\t[\/vc_column][\/vc_row][vc_row full_width=&#8221;stretch_row&#8221;][vc_column][vc_empty_space height=&#8221;64px&#8221;]\n\t\t\t<div class=\"imagebg height-60 border--round \" data-overlay=\"3\" >\n\t\t\t\t<div class=\"background-image-holder\"><img loading=\"lazy\" decoding=\"async\" width=\"2048\" height=\"1366\" src=\"https:\/\/driiing.be\/wp-content\/uploads\/2018\/09\/bence-boros-804586-unsplash.jpg\" class=\"attachment-full size-full\" alt=\"\" srcset=\"https:\/\/driiing.be\/wp-content\/uploads\/2018\/09\/bence-boros-804586-unsplash.jpg 2048w, https:\/\/driiing.be\/wp-content\/uploads\/2018\/09\/bence-boros-804586-unsplash-300x200.jpg 300w, https:\/\/driiing.be\/wp-content\/uploads\/2018\/09\/bence-boros-804586-unsplash-768x512.jpg 768w, https:\/\/driiing.be\/wp-content\/uploads\/2018\/09\/bence-boros-804586-unsplash-1024x683.jpg 1024w, https:\/\/driiing.be\/wp-content\/uploads\/2018\/09\/bence-boros-804586-unsplash-600x400.jpg 600w\" sizes=\"auto, (max-width: 2048px) 100vw, 2048px\" \/><\/div>\n\t\t\t\t<div class=\"container pos-vertical-center\">\n\t\t\t\t\t<div class=\"row\">\n\t\t\t\t\t\t<div class=\"col-sm-10 col-sm-offset-1\">[vc_column_text]<\/p>\n<h4><em>Maintenez la r\u00e9putation de votre bar, caf\u00e9 ou restaurant sur les r\u00e9seaux sociaux, sur Yelp et TripAdvisor en optant pour une gestion externalis\u00e9e de votre communaut\u00e9. C&#8217;est la mission de notre agence de communication bas\u00e9e \u00e0 Bruxelles et sp\u00e9cialis\u00e9e dans l&#8217;horeca.<\/em><\/h4>\n<p>[\/vc_column_text]<\/div>\n\t\t\t\t\t<\/div>\n\t\t\t\t<\/div>\n\t\t\t\t\n\t\t\t<\/div>\n\t\t[vc_empty_space height=&#8221;64px&#8221;][\/vc_column][\/vc_row][vc_section][vc_row][vc_column width=&#8221;1\/6&#8243;][\/vc_column][vc_column width=&#8221;2\/3&#8243;][vc_column_text]<span><\/span><span><\/span>Nous cr\u00e9ons les supports graphiques n\u00e9cessaires pour attirer l&#8217;\u0153il et mettre en valeur votre identit\u00e9 visuelle.<br \/>\nl&#8217;Horeca est votre m\u00e9tier, la communication est le n\u00f4tre, travaillons ensemble pour vous faire gagner du temps et de nouveaux clients.<br \/>\nEnsemble, nous d\u00e9veloppons un calendrier \u00e9ditorial \u00e0 publier sur les r\u00e9seaux sociaux qui s&#8217;adapte \u00e0 votre calendrier d&#8217;\u00e9v\u00e9nements et met en valeur vos produits avec des photos de qualit\u00e9.[\/vc_column_text][\/vc_column][vc_column width=&#8221;1\/6&#8243;][\/vc_column][\/vc_row][vc_row css=&#8221;.vc_custom_1486577993244{padding-top: 100px !important;}&#8221;][vc_column width=&#8221;1\/4&#8243;]<div class=\" feature\"><img loading=\"lazy\" decoding=\"async\" width=\"1024\" height=\"683\" src=\"https:\/\/driiing.be\/wp-content\/uploads\/2018\/10\/fancycrave-771288-unsplash-1024x683.jpg\" class=\"border--round\" alt=\"\" srcset=\"https:\/\/driiing.be\/wp-content\/uploads\/2018\/10\/fancycrave-771288-unsplash-1024x683.jpg 1024w, https:\/\/driiing.be\/wp-content\/uploads\/2018\/10\/fancycrave-771288-unsplash-300x200.jpg 300w, https:\/\/driiing.be\/wp-content\/uploads\/2018\/10\/fancycrave-771288-unsplash-768x512.jpg 768w, https:\/\/driiing.be\/wp-content\/uploads\/2018\/10\/fancycrave-771288-unsplash.jpg 2048w\" sizes=\"auto, (max-width: 1024px) 100vw, 1024px\" \/><span>D\u00e9velopper une relation permanente avec vos clients potentiels<\/span><\/div>[\/vc_column][vc_column width=&#8221;1\/4&#8243;]<div class=\" feature\"><img loading=\"lazy\" decoding=\"async\" width=\"1024\" height=\"683\" src=\"https:\/\/driiing.be\/wp-content\/uploads\/2018\/09\/twitter-292994_1920-1024x683.jpg\" class=\"border--round\" alt=\"\" srcset=\"https:\/\/driiing.be\/wp-content\/uploads\/2018\/09\/twitter-292994_1920-1024x683.jpg 1024w, https:\/\/driiing.be\/wp-content\/uploads\/2018\/09\/twitter-292994_1920-300x200.jpg 300w, https:\/\/driiing.be\/wp-content\/uploads\/2018\/09\/twitter-292994_1920-768x512.jpg 768w, https:\/\/driiing.be\/wp-content\/uploads\/2018\/09\/twitter-292994_1920.jpg 1920w\" sizes=\"auto, (max-width: 1024px) 100vw, 1024px\" \/>Augmentez le trafic qualifi\u00e9 vers votre site Web et vos r\u00e9seaux sociaux.<\/div>[\/vc_column][vc_column width=&#8221;1\/4&#8243;]<div class=\" feature\"><img loading=\"lazy\" decoding=\"async\" width=\"1024\" height=\"682\" src=\"https:\/\/driiing.be\/wp-content\/uploads\/2018\/09\/beer-3445988_1920-1024x682.jpg\" class=\"border--round\" alt=\"\" srcset=\"https:\/\/driiing.be\/wp-content\/uploads\/2018\/09\/beer-3445988_1920-1024x682.jpg 1024w, https:\/\/driiing.be\/wp-content\/uploads\/2018\/09\/beer-3445988_1920-300x200.jpg 300w, https:\/\/driiing.be\/wp-content\/uploads\/2018\/09\/beer-3445988_1920-768x512.jpg 768w, https:\/\/driiing.be\/wp-content\/uploads\/2018\/09\/beer-3445988_1920.jpg 1920w\" sizes=\"auto, (max-width: 1024px) 100vw, 1024px\" \/><span>Attirez vos clients en faisant la promotion de vos produits \u00e9ph\u00e9m\u00e8res.<\/span><\/div>[\/vc_column][vc_column width=&#8221;1\/4&#8243;]<div class=\" feature\"><img loading=\"lazy\" decoding=\"async\" width=\"1024\" height=\"683\" src=\"https:\/\/driiing.be\/wp-content\/uploads\/2018\/09\/alcohol-1281704_1920-1024x683.jpg\" class=\"border--round\" alt=\"\" srcset=\"https:\/\/driiing.be\/wp-content\/uploads\/2018\/09\/alcohol-1281704_1920-1024x683.jpg 1024w, https:\/\/driiing.be\/wp-content\/uploads\/2018\/09\/alcohol-1281704_1920-300x200.jpg 300w, https:\/\/driiing.be\/wp-content\/uploads\/2018\/09\/alcohol-1281704_1920-768x512.jpg 768w, https:\/\/driiing.be\/wp-content\/uploads\/2018\/09\/alcohol-1281704_1920.jpg 1920w\" sizes=\"auto, (max-width: 1024px) 100vw, 1024px\" \/><span>Communiquez de mani\u00e8re cr\u00e9ative et attrayante sur vos \u00e9v\u00e9nements.<\/span><\/div>[\/vc_column][\/vc_row][vc_row css=&#8221;.vc_custom_1486578101459{padding-top: 100px !important;}&#8221;][vc_column][vc_empty_space height=&#8221;64px&#8221;][vc_column_text]Augmentez le nombre de commentaires positifs sur votre page TripAdvisor en affichant du contenu qui permet \u00e0 certains clients d\u00e9\u00e7us, de le mettre en perspective et \u00e0 ceux qui sont heureux, de l&#8217;indiquer.[\/vc_column_text][vc_empty_space]\n\t\t\t<div class=\"text-center\">\n\t\t\t\t<a class=\"btn btn--primary type--uppercase\" href=\"https:\/\/driiing.be\/contact\/\" target=\"_self\">\n\t\t\t\t    <span class=\"btn__text\">\n\t\t\t\t        Contactez-nous pour plus d'informations\n\t\t\t\t    <\/span>\n\t\t\t\t    <span class=\"label\"><\/span>\n\t\t\t\t<\/a>\n\t\t\t<\/div>\n\t\t[vc_empty_space][\/vc_column][\/vc_row][\/vc_section][vc_section el_class=&#8221;bg&#8211;secondary&#8221;][vc_row][vc_column width=&#8221;1\/2&#8243;][vc_column_text]<strong>Nous optimisons votre page TripAdvisor<\/strong><br \/>\nNous d\u00e9veloppons votre page pour obtenir un meilleur classement en g\u00e9n\u00e9rant et en motivant des commentaires de qualit\u00e9.[\/vc_column_text][\/vc_column][vc_column width=&#8221;1\/2&#8243;][vc_column_text]<strong>Nous d\u00e9veloppons votre r\u00e9f\u00e9rencement multicanal<\/strong><br \/>\nNous r\u00e9f\u00e9ren\u00e7ons votre \u00e9tablissement sur Google et les r\u00e9seaux sociaux pertinents pour vous permettre d&#8217;atteindre une client\u00e8le locale, passante ou touristique.[\/vc_column_text][\/vc_column][\/vc_row][\/vc_section][vc_section el_class=&#8221;bg&#8211;secondary&#8221;][vc_row][vc_column width=&#8221;1\/2&#8243;][vc_column_text]La gestion de communaut\u00e9 est compl\u00e9mentaire au r\u00e9f\u00e9rencement naturel de votre site, ce qui vous permettra d&#8217;augmenter le taux de conversion d&#8217;un visiteur en ligne en client.[\/vc_column_text][\/vc_column][vc_column width=&#8221;1\/2&#8243;][vc_column_text]Le Community Management est au c\u0153ur du bouche \u00e0 oreille, il attire de nouveaux clients, rassure vos clients proches et leurs amis et permet \u00e0 la presse de parler de vous dans leurs articles th\u00e9matiques.[\/vc_column_text][\/vc_column][\/vc_row][\/vc_section][vc_row][vc_column][vc_empty_space height=&#8221;64px&#8221;][vc_column_text]<\/p>\n<h3 style=\"text-align: center;\">Description du tarif<\/h3>\n<p>[\/vc_column_text][vc_empty_space height=&#8221;64px&#8221;][\/vc_column][\/vc_row][vc_row el_class=&#8221;remove-column-padding&#8221;][vc_column width=&#8221;2\/12&#8243;][\/vc_column][vc_column width=&#8221;4\/12&#8243;]\n\t\t\t<div class=\" pricing pricing-1 boxed boxed--border boxed--lg text-center \">\n\t\t\t\t<h4>Community management<\/h4>\n\t\t\t\t<span class=\"h1\"><span class=\"pricing__dollar\">\u20ac<\/span>395<\/span>\n\t\t\t\t<\/p>\n<ul>\n<li>Inclut Facebook, Instagram et Tripadvisor<\/li>\n<li>Adaptation de votre contenu<\/li>\n<li>Analyse des cibles<\/li>\n<li>Cr\u00e9ation de profils et de pages pro<\/li>\n<li>Charte \u00e9ditoriale<\/li>\n<li>Mod\u00e9ration et animation<\/li>\n<li>Publication sur les agendas en ligne (agenda.be, supermiro.be&#8230;.)<\/li>\n<\/ul>\n<p>\n\n\t\t\t\t\n\t\t\t\t<a class=\"btn btn--primary\" href=\"https:\/\/driiing.be\/contact\/\">Contactez-nous<\/a>\n\t\t\t<\/div><!--end pricing-->\n\t\t[\/vc_column][vc_column width=&#8221;4\/12&#8243;]\n\t\t\t<div class=\" pricing pricing-1 boxed boxed--border boxed--lg text-center boxed--emphasis\">\n\t\t\t\t<h4>Service inclus dans notre offre mensuelle<\/h4>\n\t\t\t\t<span class=\"h1\"><span class=\"pricing__dollar\">\u20ac<\/span>625<\/span>\n\t\t\t\t<\/p>\n<p style=\"text-align: left;\"><span>Un tarif mensuel qui inclut la gestion de vos r\u00e9seaux sociaux, l&#8217;encodage de vos \u00e9v\u00e9nements sur les agendas en ligne, la correction au besoin de votre menu ou autre mat\u00e9riel promotionnel.<br \/>\nSont \u00e9galement inclus les services de cr\u00e9ation de flyers, ainsi que le d\u00e9veloppement de votre site web.<\/span><\/p>\n\n\t\t\t\t<span class=\"label\">Top<\/span>\n\t\t\t\t<a class=\"btn btn--primary-1\" href=\"https:\/\/driiing.be\/contact\/\">Contactez-nous<\/a>\n\t\t\t<\/div><!--end pricing-->\n\t\t[\/vc_column][vc_column width=&#8221;2\/12&#8243;][\/vc_column][\/vc_row][vc_row][vc_column][vc_empty_space height=&#8221;64px&#8221;][\/vc_column][\/vc_row][vc_row full_width=&#8221;stretch_row&#8221;][vc_column]\n\t\t\t<section class=\" bg--primary unpad cta cta-2\">\n\t\t\t\t<a href=\"https:\/\/driiing.be\/contact\/\" target=\"_self\">\n\t\t\t\t\t<div class=\"container\">\n\t\t\t\t\t\t<div class=\"row\">\n\t\t\t\t\t\t\t<div class=\"col-sm-12 text-center\">\n\t\t\t\t\t\t\t\t<h2>Contactez-nous<\/h2>\n\t\t\t\t\t\t\t<\/div>\n\t\t\t\t\t\t<\/div><!--end of row-->\n\t\t\t\t\t<\/div><!--end of container-->\n\t\t\t\t<\/a>\n\t\t\t<\/section>\n\t\t[\/vc_column][\/vc_row]<\/p>\n<p><\/p>\n<\/section>","protected":false},"excerpt":{"rendered":"<p>[vc_row full_width=&#8221;stretch_row&#8221;][vc_column][\/vc_column][\/vc_row][vc_row full_width=&#8221;stretch_row&#8221;][vc_column][\/vc_column][\/vc_row][vc_row full_width=&#8221;stretch_row&#8221;][vc_column][\/vc_column][\/vc_row][vc_row full_width=&#8221;stretch_row&#8221;][vc_column][vc_empty_space height=&#8221;64px&#8221;][vc_empty_space height=&#8221;64px&#8221;][\/vc_column][\/vc_row][vc_section][vc_row][vc_column width=&#8221;1\/6&#8243;][\/vc_column][vc_column width=&#8221;2\/3&#8243;][vc_column_text]Nous cr\u00e9ons les supports graphiques n\u00e9cessaires pour attirer l&#8217;\u0153il et mettre en valeur votre&#8230;<\/p>\n","protected":false},"author":1,"featured_media":0,"parent":0,"menu_order":0,"comment_status":"closed","ping_status":"closed","template":"","meta":{"footnotes":""},"class_list":["post-1533","page","type-page","status-publish","hentry"],"_links":{"self":[{"href":"https:\/\/driiing.be\/en\/wp-json\/wp\/v2\/pages\/1533","targetHints":{"allow":["GET"]}}],"collection":[{"href":"https:\/\/driiing.be\/en\/wp-json\/wp\/v2\/pages"}],"about":[{"href":"https:\/\/driiing.be\/en\/wp-json\/wp\/v2\/types\/page"}],"author":[{"embeddable":true,"href":"https:\/\/driiing.be\/en\/wp-json\/wp\/v2\/users\/1"}],"replies":[{"embeddable":true,"href":"https:\/\/driiing.be\/en\/wp-json\/wp\/v2\/comments?post=1533"}],"version-history":[{"count":5,"href":"https:\/\/driiing.be\/en\/wp-json\/wp\/v2\/pages\/1533\/revisions"}],"predecessor-version":[{"id":5096,"href":"https:\/\/driiing.be\/en\/wp-json\/wp\/v2\/pages\/1533\/revisions\/5096"}],"wp:attachment":[{"href":"https:\/\/driiing.be\/en\/wp-json\/wp\/v2\/media?parent=1533"}],"curies":[{"name":"wp","href":"https:\/\/api.w.org\/{rel}","templated":true}]}}