{"id":439,"date":"2017-02-01T22:31:57","date_gmt":"2017-02-01T22:31:57","guid":{"rendered":"http:\/\/tommustester.wpengine.com\/?page_id=439"},"modified":"2023-09-13T07:04:14","modified_gmt":"2023-09-13T07:04:14","slug":"contact","status":"publish","type":"page","link":"https:\/\/driiing.be\/en\/contact\/","title":{"rendered":"Contact us"},"content":{"rendered":"<section class=\"wpb-content-wrapper\"><p>[vc_section][vc_row][vc_column][vc_empty_space][vc_empty_space][vc_column_text]<\/p>\n<h3 style=\"text-align: center;\"><span>Nous vous accompagnons dans la communication de votre restaurant.<\/span><\/h3>\n<p>[\/vc_column_text][vc_empty_space][vc_empty_space][\/vc_column][\/vc_row][vc_row][vc_column width=&#8221;1\/4&#8243; css=&#8221;.vc_custom_1485988162623{padding-right: 60px !important;}&#8221;][\/vc_column][vc_column width=&#8221;1\/2&#8243;][vc_column_text]<\/p>\n<h1 style=\"text-align: center;\">Vous avez des questions ?<\/h1>\n<p class=\"lead\" style=\"text-align: center;\">N&#8217;h\u00e9sitez pas \u00e0 nous faire part de vos demandes sp\u00e9cifiques, vous pouvez \u00e9galement nous appeler au 0474590957<\/p>\n<p>[\/vc_column_text][vc_empty_space height=&#8221;64px&#8221;][\/vc_column][vc_column width=&#8221;1\/4&#8243;][\/vc_column][\/vc_row][\/vc_section][vc_section el_class=&#8221;imagebg&#8221; ebor_gradient=&#8221;#4876BD,#5448BD,#8F48BD,#BD48B1&#8243;][vc_row][vc_column width=&#8221;1\/6&#8243; css=&#8221;.vc_custom_1485988162623{padding-right: 60px !important;}&#8221;][\/vc_column][vc_column width=&#8221;2\/3&#8243;]\n<div class=\"wpcf7 no-js\" id=\"wpcf7-f3341-o1\" lang=\"en-US\" dir=\"ltr\" data-wpcf7-id=\"3341\">\n<div class=\"screen-reader-response\"><p role=\"status\" aria-live=\"polite\" aria-atomic=\"true\"><\/p> <ul><\/ul><\/div>\n<form action=\"\/en\/wp-json\/wp\/v2\/pages\/439#wpcf7-f3341-o1\" method=\"post\" class=\"wpcf7-form init\" aria-label=\"Contact form\" novalidate=\"novalidate\" data-status=\"init\">\n<fieldset class=\"hidden-fields-container\"><input type=\"hidden\" name=\"_wpcf7\" value=\"3341\" \/><input type=\"hidden\" name=\"_wpcf7_version\" value=\"6.1.5\" \/><input type=\"hidden\" name=\"_wpcf7_locale\" value=\"en_US\" \/><input type=\"hidden\" name=\"_wpcf7_unit_tag\" value=\"wpcf7-f3341-o1\" \/><input type=\"hidden\" name=\"_wpcf7_container_post\" value=\"0\" \/><input type=\"hidden\" name=\"_wpcf7_posted_data_hash\" value=\"\" \/>\n<\/fieldset>\n<div class=\"boxed boxed--border\">\n\t<div class=\"text-left form-email row\">\n\t\t<div class=\"col-sm-6\">\n\t\t\t<p><label>Nom :<\/label><br \/>\n<span class=\"wpcf7-form-control-wrap\" data-name=\"your-name\"><input size=\"40\" maxlength=\"400\" class=\"wpcf7-form-control wpcf7-text wpcf7-validates-as-required\" aria-required=\"true\" aria-invalid=\"false\" value=\"\" type=\"text\" name=\"your-name\" \/><\/span>\n\t\t\t<\/p>\n\t\t<\/div>\n\t\t<div class=\"col-sm-6\">\n\t\t\t<p><label>\u00c9tablissement :<\/label><br \/>\n<span class=\"wpcf7-form-control-wrap\" data-name=\"your-company\"><input size=\"40\" maxlength=\"400\" class=\"wpcf7-form-control wpcf7-text wpcf7-validates-as-required\" aria-required=\"true\" aria-invalid=\"false\" value=\"\" type=\"text\" name=\"your-company\" \/><\/span>\n\t\t\t<\/p>\n\t\t<\/div>\n\t\t<div class=\"col-sm-6\">\n\t\t\t<p><label>Email :<\/label><br \/>\n<span class=\"wpcf7-form-control-wrap\" data-name=\"your-email\"><input size=\"40\" maxlength=\"400\" class=\"wpcf7-form-control wpcf7-email wpcf7-validates-as-required wpcf7-text wpcf7-validates-as-email\" aria-required=\"true\" aria-invalid=\"false\" value=\"\" type=\"email\" name=\"your-email\" \/><\/span>\n\t\t\t<\/p>\n\t\t<\/div>\n\t\t<div class=\"col-sm-6\">\n\t\t\t<p><label>T\u00e9l\u00e9phone :<\/label><br \/>\n<span class=\"wpcf7-form-control-wrap\" data-name=\"tel-252\"><input size=\"40\" maxlength=\"400\" class=\"wpcf7-form-control wpcf7-tel wpcf7-text wpcf7-validates-as-tel\" aria-invalid=\"false\" value=\"\" type=\"tel\" name=\"tel-252\" \/><\/span>\n\t\t\t<\/p>\n\t\t<\/div>\n\t\t<div class=\"col-sm-12\">\n\t\t\t<p><label>Votre message :<\/label><br \/>\n<span class=\"wpcf7-form-control-wrap\" data-name=\"your-message\"><textarea cols=\"40\" rows=\"5\" maxlength=\"2000\" class=\"wpcf7-form-control wpcf7-textarea\" aria-invalid=\"false\" name=\"your-message\"><\/textarea><\/span>\n\t\t\t<\/p>\n\t\t<\/div>\n\t\t<div class=\"col-sm-12 text-center boxed\">\n\t\t\t<h5>Int\u00e9ress\u00e9.e par quel service :\n\t\t\t<\/h5>\n\t\t\t<p><span class=\"wpcf7-form-control-wrap\" data-name=\"checkbox-504\"><span class=\"wpcf7-form-control wpcf7-checkbox\"><span class=\"wpcf7-list-item first input-checkbox\"><label><\/label><input type=\"checkbox\" name=\"checkbox-504[]\" value=\"Global\" \/><span class=\"wpcf7-list-item-label\">Global<\/span><\/span><span class=\"wpcf7-list-item input-checkbox\"><label><\/label><input type=\"checkbox\" name=\"checkbox-504[]\" value=\"\u00c9v\u00e9nementiel\" \/><span class=\"wpcf7-list-item-label\">\u00c9v\u00e9nementiel<\/span><\/span><span class=\"wpcf7-list-item input-checkbox\"><label><\/label><input type=\"checkbox\" name=\"checkbox-504[]\" value=\"Graphique\" \/><span class=\"wpcf7-list-item-label\">Graphique<\/span><\/span><span class=\"wpcf7-list-item last input-checkbox\"><label><\/label><input type=\"checkbox\" name=\"checkbox-504[]\" value=\"Community management\" \/><span class=\"wpcf7-list-item-label\">Community management<\/span><\/span><\/span><\/span>\n\t\t\t<\/p>\n\t\t<\/div>\n\t\t<div class=\"col-sm-12 text-center boxed\">\n\t\t\t<h5>Vous souhaitez une collaboration :\n\t\t\t<\/h5>\n\t\t\t<p><span class=\"wpcf7-form-control-wrap\" data-name=\"radio-936\"><span class=\"wpcf7-form-control wpcf7-radio\"><span class=\"wpcf7-list-item first\"><label><label><\/label><input type=\"radio\" name=\"radio-936\" value=\"au mois\" checked=\"checked\" \/><span class=\"wpcf7-list-item-label\">au mois<\/span><\/label><\/span><span class=\"wpcf7-list-item\"><label><label><\/label><input type=\"radio\" name=\"radio-936\" value=\"\u00e0 l&#039;ann\u00e9e\" \/><span class=\"wpcf7-list-item-label\">\u00e0 l&#039;ann\u00e9e<\/span><\/label><\/span><span class=\"wpcf7-list-item last\"><label><label><\/label><input type=\"radio\" name=\"radio-936\" value=\"\u00e0 la commande\" \/><span class=\"wpcf7-list-item-label\">\u00e0 la commande<\/span><\/label><\/span><\/span><\/span>\n\t\t\t<\/p>\n\t\t<\/div>\n\t\t<div class=\"col-sm-12 text-center boxed\">\n\t\t\t<p><span class=\"wpcf7-form-control-wrap\" data-name=\"opt-in\"><span class=\"wpcf7-form-control wpcf7-checkbox\"><span class=\"wpcf7-list-item first last input-checkbox\"><label><\/label><input type=\"checkbox\" name=\"opt-in[]\" value=\"Je veux \u00eatre inscrit.e \u00e0 la newsletter d&#039;dodat.work, partenaire de driiing.be\" \/><span class=\"wpcf7-list-item-label\">Je veux \u00eatre inscrit.e \u00e0 la newsletter d&#039;dodat.work, partenaire de driiing.be<\/span><\/span><\/span><\/span>\n\t\t\t<\/p>\n\t\t<\/div>\n\t\t<div class=\"col-sm-12 text-center boxed\">\n\t\t\t<p><span class=\"wpcf7-form-control-wrap kc_captcha\" data-name=\"kc_captcha\"><span class=\"wpcf7-form-control wpcf7-radio\"><span class=\"captcha-image\" ><span class=\"cf7ic_instructions\">Please prove you are human by selecting the<span> heart<\/span>.<\/span><label><input aria-label=\"1\" type=\"radio\" name=\"kc_captcha\" value=\"kc_human\" \/><svg aria-hidden=\"true\" role=\"img\" xmlns=\"http:\/\/www.w3.org\/2000\/svg\" viewBox=\"0 0 576 512\"><path fill=\"currentColor\" d=\"M415 24c-53 0-103 42-127 65-24-23-74-65-127-65C70 24 16 77 16 166c0 72 67 133 69 135l187 181c9 8 23 8 32 0l187-180c2-3 69-64 69-136 0-89-54-142-145-142z\"\/><\/svg><\/label><label><input aria-label=\"2\" type=\"radio\" name=\"kc_captcha\" value=\"bot\" \/><svg aria-hidden=\"true\" role=\"img\" xmlns=\"http:\/\/www.w3.org\/2000\/svg\" viewBox=\"0 0 512 512\"><path fill=\"currentColor\" d=\"M500 168h-55l-8-21a127 127 0 00-120-83H195a127 127 0 00-120 83l-8 21H12c-8 0-14 8-11 16l8 24a12 12 0 0011 8h29a64 64 0 00-33 56v48c0 16 6 31 16 42v62c0 13 11 24 24 24h48c13 0 24-11 24-24v-40h256v40c0 13 11 24 24 24h48c13 0 24-11 24-24v-62c10-11 16-26 16-42v-48c0-24-13-45-33-56h29a12 12 0 0011-8l8-24c3-8-3-16-11-16zm-365 2c9-25 33-42 60-42h122c27 0 51 17 60 42l15 38H120l15-38zM88 328a32 32 0 010-64c18 0 48 30 48 48s-30 16-48 16zm336 0c-18 0-48 2-48-16s30-48 48-48 32 14 32 32-14 32-32 32z\"\/><\/svg><\/label><label><input aria-label=\"3\" type=\"radio\" name=\"kc_captcha\" value=\"bot\" \/><svg aria-hidden=\"true\" role=\"img\" xmlns=\"http:\/\/www.w3.org\/2000\/svg\" viewBox=\"0 0 512 512\"><path fill=\"currentColor\" d=\"M350 99c-54 0-98-35-166-35-25 0-47 4-68 12a56 56 0 004-24C118 24 95 1 66 0a56 56 0 00-34 102v386c0 13 11 24 24 24h16c13 0 24-11 24-24v-94c28-12 64-23 114-23 54 0 98 35 166 35 48 0 86-16 122-41 9-6 14-15 14-26V96c0-23-24-39-45-29-35 16-77 32-117 32z\"\/><\/svg><\/label>\r\n    <\/span>\r\n    <span style=\"display:none\">\r\n        <input type=\"text\" name=\"kc_honeypot\">\r\n    <\/span><\/span><\/span>\n\t\t\t<\/p>\n\t\t<\/div>\n\t\t<div class=\"col-sm-12 boxed\">\n\t\t\t<p><input class=\"wpcf7-form-control wpcf7-submit has-spinner btn btn--primary type--uppercase\" type=\"submit\" value=\"Envoi\" \/>\n\t\t\t<\/p>\n\t\t<\/div>\n\t<\/div>\n<\/div><div class=\"wpcf7-response-output\" aria-hidden=\"true\"><\/div>\n<\/form>\n<\/div>\n[vc_empty_space height=&#8221;64px&#8221;][\/vc_column][vc_column width=&#8221;1\/6&#8243;][\/vc_column][\/vc_row][\/vc_section][vc_row][vc_column][vc_empty_space][vc_empty_space][vc_column_text]<\/p>\n<h3 style=\"text-align: center;\"><span>\u00c9largir votre audience vous permet de faire cro\u00eetre votre client\u00e8le !<\/span><\/h3>\n<p>[\/vc_column_text][vc_empty_space][vc_column_text]Tripadvisor, Facebook, agendas locaux en ligne, distribution de flyers et plus encore, mettez en \u0153uvre votre plan de communication et rendez-le durable en optimisant votre investissement.<br \/>\nUn plan de communication ma\u00eetris\u00e9 fait parler de vous, active le bouche-\u00e0-oreille sur la qualit\u00e9 de vos produits et fait fleurir des commentaires de qualit\u00e9 sur votre restaurant.<br \/>\nCr\u00e9ez une communaut\u00e9 autour de votre activit\u00e9 et valorisez-la ![\/vc_column_text][\/vc_column][\/vc_row][vc_row][vc_column][vc_empty_space][vc_column_text]<\/p>\n<h3 style=\"text-align: center;\">Fid\u00e9lisez vos clients gr\u00e2ce \u00e0 un contenu attrayant et de qualit\u00e9 !<\/h3>\n<p>[\/vc_column_text][vc_empty_space][vc_column_text]Valorisez votre restaurant ou votre bar avec un contenu de qualit\u00e9 adapt\u00e9 aux r\u00e9seaux sociaux que vos cibles utilisent parce que plus de 80% des clients recherchent d\u00e9sormais leurs restaurants, bar ou caf\u00e9 en ligne.<br \/>\nVotre restaurant est une passion, et une histoire \u00e0 raconter qui vous permets de cr\u00e9er un lien avec votre public de locaux, de touristes ou de client\u00e8le de passage.<br \/>\nNous \u00e9valuons les r\u00e9sultats pendant toute la dur\u00e9e de notre collaboration afin de valider la r\u00e9alisation des objectifs fix\u00e9s.[\/vc_column_text][vc_empty_space][vc_empty_space][\/vc_column][\/vc_row][vc_row][vc_column width=&#8221;1\/3&#8243;][vc_empty_space height=&#8221;64px&#8221;][vc_column_text]<\/p>\n<h4>Foire aux questions<\/h4>\n<p>[\/vc_column_text][\/vc_column][vc_column width=&#8221;1\/3&#8243;][vc_empty_space height=&#8221;64px&#8221;][vc_column_text]<\/p>\n<h5><span>Je suis int\u00e9ress\u00e9 par une collaboration temporaire.<\/span><\/h5>\n<p class=\"mb0\"><span>Bien que nous privil\u00e9gions notre temps de travail par rapport \u00e0 nos partenaires r\u00e9guliers, nous sommes toujours disponibles, et c&#8217;est l&#8217;occasion pour vous de tester notre service.<\/span><\/p>\n<p>[\/vc_column_text][vc_empty_space][vc_column_text]<\/p>\n<h5 class=\"mb0\">O\u00f9 \u00eates-vous situ\u00e9 ?<\/h5>\n<p>Nous sommes situ\u00e9s dans le quartier des Marolles \u00e0 1000 Bruxelles.[\/vc_column_text][\/vc_column][vc_column width=&#8221;1\/3&#8243;][vc_empty_space height=&#8221;64px&#8221;][vc_column_text]<\/p>\n<h5 class=\"mb0\">Dois-je m&#8217;engager \u00e0 long terme ?<\/h5>\n<p><span>Non, bien s\u00fbr vous annulez quand vous voulez. Travailler ensemble signifie que nous nous verrons souvent, que nous sommes toujours disponibles et que nous mettons un point d&#8217;honneur \u00e0 \u00e9viter toute friction.<\/span>[\/vc_column_text][vc_empty_space][vc_column_text]<\/p>\n<h5 class=\"mb0\">Est-ce que je poss\u00e8de tous les \u00e9l\u00e9ments de ma communication ?<\/h5>\n<p>Vous \u00eates propri\u00e9taire de votre site web si nous le cr\u00e9ons pour vous, ainsi que des photos que nous prenons de vos produits ou \u00e9v\u00e9nements.[\/vc_column_text][\/vc_column][\/vc_row]<\/p>\n<\/section>","protected":false},"excerpt":{"rendered":"<p>[vc_section][vc_row][vc_column][vc_empty_space][vc_empty_space][vc_column_text] Nous vous accompagnons dans la communication de votre restaurant. [\/vc_column_text][vc_empty_space][vc_empty_space][\/vc_column][\/vc_row][vc_row][vc_column width=&#8221;1\/4&#8243; css=&#8221;.vc_custom_1485988162623{padding-right: 60px !important;}&#8221;][\/vc_column][vc_column width=&#8221;1\/2&#8243;][vc_column_text] Vous avez des questions ? N&#8217;h\u00e9sitez&#8230;<\/p>\n","protected":false},"author":1,"featured_media":0,"parent":0,"menu_order":0,"comment_status":"closed","ping_status":"closed","template":"","meta":{"footnotes":""},"class_list":["post-439","page","type-page","status-publish","hentry"],"_links":{"self":[{"href":"https:\/\/driiing.be\/en\/wp-json\/wp\/v2\/pages\/439","targetHints":{"allow":["GET"]}}],"collection":[{"href":"https:\/\/driiing.be\/en\/wp-json\/wp\/v2\/pages"}],"about":[{"href":"https:\/\/driiing.be\/en\/wp-json\/wp\/v2\/types\/page"}],"author":[{"embeddable":true,"href":"https:\/\/driiing.be\/en\/wp-json\/wp\/v2\/users\/1"}],"replies":[{"embeddable":true,"href":"https:\/\/driiing.be\/en\/wp-json\/wp\/v2\/comments?post=439"}],"version-history":[{"count":5,"href":"https:\/\/driiing.be\/en\/wp-json\/wp\/v2\/pages\/439\/revisions"}],"predecessor-version":[{"id":5089,"href":"https:\/\/driiing.be\/en\/wp-json\/wp\/v2\/pages\/439\/revisions\/5089"}],"wp:attachment":[{"href":"https:\/\/driiing.be\/en\/wp-json\/wp\/v2\/media?parent=439"}],"curies":[{"name":"wp","href":"https:\/\/api.w.org\/{rel}","templated":true}]}}