{"id":783,"date":"2017-02-03T20:49:04","date_gmt":"2017-02-03T20:49:04","guid":{"rendered":"http:\/\/tommustester.wpengine.com\/?page_id=783"},"modified":"2023-09-13T07:10:23","modified_gmt":"2023-09-13T07:10:23","slug":"photographie","status":"publish","type":"page","link":"https:\/\/driiing.be\/en\/photographie\/","title":{"rendered":"Our photo service for bars, caf\u00e9s or restaurants"},"content":{"rendered":"<section class=\"wpb-content-wrapper\"><p>[vc_row full_width=&#8221;stretch_row&#8221;][vc_column]\n\t\t\t<section class=\"imagebg image--light cover cover-blocks bg--secondary \" >\n\t\t\t\t<div class=\"background-image-holder\"><img loading=\"lazy\" decoding=\"async\" width=\"1920\" height=\"1280\" src=\"https:\/\/driiing.be\/wp-content\/uploads\/2018\/09\/woman-407168_1920.jpg\" class=\"attachment-full size-full\" alt=\"\" srcset=\"https:\/\/driiing.be\/wp-content\/uploads\/2018\/09\/woman-407168_1920.jpg 1920w, https:\/\/driiing.be\/wp-content\/uploads\/2018\/09\/woman-407168_1920-300x200.jpg 300w, https:\/\/driiing.be\/wp-content\/uploads\/2018\/09\/woman-407168_1920-768x512.jpg 768w, https:\/\/driiing.be\/wp-content\/uploads\/2018\/09\/woman-407168_1920-1024x683.jpg 1024w\" sizes=\"auto, (max-width: 1920px) 100vw, 1920px\" \/><\/div>\n\t\t\t\t<div class=\"container\">\n\t\t\t\t\t<div class=\"row\">\n\t\t\t\t\t\t<div class=\"col-sm-6 col-md-5\">\n\t\t\t\t\t\t\t<div>[vc_column_text]<\/p>\n<h1>Notre service photo pour les bars, caf\u00e9s ou restaurants<\/h1>\n<p class=\"lead\">Agence de communication food sp\u00e9cialis\u00e9e dans la photographie \u00e9v\u00e9nementielle pour Horeca, nous intervenons lors de vos \u00e9v\u00e9nements pour offrir des souvenirs \u00e0 vos clients et f\u00e9d\u00e9rer une communaut\u00e9 autour de vos services.<\/p>\n<hr class=\"short\" \/>\n<p>Profitez de la puissance des r\u00e9seaux sociaux en taguant sur Facebook et Instagram, vos clients et les artistes qui jouent dans votre \u00e9tablissement.[\/vc_column_text]<\/div>\n\t\t\t\t\t\t<\/div>\n\t\t\t\t\t<\/div><!--end of row-->\n\t\t\t\t<\/div><!--end of container-->\n\t\t\t\t\n\t\t\t<\/section>\n\t\t[\/vc_column][\/vc_row][vc_row][vc_column width=&#8221;1\/4&#8243;][vc_empty_space height=&#8221;64px&#8221;]\n\t\t\t<div class=\" feature feature-1 boxed boxed--border \">\n\t\t\t    Photographie de vos soir\u00e9es ou concerts ax\u00e9s sur votre ambiance, votre client\u00e8le et vos artistes. \n\t\t\t<\/div><!--end feature-->\n\t\t[\/vc_column][vc_column width=&#8221;1\/4&#8243;][vc_empty_space height=&#8221;64px&#8221;]\n\t\t\t<div class=\" feature feature-1 boxed boxed--border \">\n\t\t\t    Mettre en valeur vos produits phares et vos nouveaut\u00e9s afin de les diffuser sur Internet et aupr\u00e8s de vos relations presse. \n\t\t\t<\/div><!--end feature-->\n\t\t[\/vc_column][vc_column width=&#8221;1\/4&#8243;][vc_empty_space height=&#8221;64px&#8221;]\n\t\t\t<div class=\" feature feature-1 boxed boxed--border \">\n\t\t\t    <span>Nous retouchons les photos pour qu&#8217;elles correspondent \u00e0 votre identit\u00e9 visuelle afin de sublimer chaque instant.<\/span> \n\t\t\t<\/div><!--end feature-->\n\t\t[\/vc_column][vc_column width=&#8221;1\/4&#8243;][vc_empty_space height=&#8221;64px&#8221;]\n\t\t\t<div class=\" feature feature-1 boxed boxed--border \">\n\t\t\t    \u00c0 Diffuser notamment sur Instagram et TripAdvisor pour mettre en valeur vos produits et votre ambiance. \n\t\t\t<\/div><!--end feature-->\n\t\t[\/vc_column][\/vc_row][vc_row][vc_column][vc_empty_space height=&#8221;64px&#8221;][vc_column_text]<span><\/span><span>Notre passion pour la photographie, le traitement et la retouche est notre force motrice depuis de nombreuses ann\u00e9es. Equip\u00e9s d&#8217;\u00e9quipements sophistiqu\u00e9s, nous nous adaptons \u00e0 l&#8217;\u00e9clairage de votre \u00e9tablissement pour \u00eatre pr\u00eats \u00e0 capturer chaque instant.<\/span><span><\/span>[\/vc_column_text][vc_empty_space][\/vc_column][\/vc_row][vc_row][vc_column][vc_empty_space][vc_empty_space][\/vc_column][\/vc_row][vc_row][vc_column width=&#8221;1\/2&#8243;][vc_single_image image=&#8221;3226&#8243; img_size=&#8221;large&#8221;][\/vc_column][vc_column width=&#8221;1\/2&#8243;][vc_column_text]<\/p>\n<h2>Photographie culinaire.<\/h2>\n<p>Vous servez des plats gourmands et vous voulez des photos pour communiquer sur vos produits, nous utilisons notre studio photo portable pour prendre des photos de vos produits : plats ou boissons, typ\u00e9 photo d&#8217;ambiance ou photo de studio.<br \/>\nNous capturons \u00e9galement le cadre de votre bar, caf\u00e9 ou restaurant et soulignons sa particularit\u00e9 : convivial, moderne ou rustique.<br \/>\nDes photos particuli\u00e8rement int\u00e9ressantes pour vos pages : Yelp, Tripadvisor et Google my business.[\/vc_column_text][\/vc_column][\/vc_row][vc_row][vc_column][vc_empty_space][vc_empty_space][\/vc_column][\/vc_row][vc_row][vc_column width=&#8221;1\/2&#8243;][vc_column_text]<\/p>\n<h2>Installation de photobox ou de photomaton<\/h2>\n<p>Si votre bar, caf\u00e9 ou restaurant dispose d&#8217;espace, l&#8217;installation d&#8217;un photomaton ou d&#8217;une autre installation audiovisuelle pour cr\u00e9er des photos originales et offrir \u00e0 vos clients une exp\u00e9rience unique est essentielle.<br \/>\nSurtout si vous organisez souvent des \u00e9v\u00e9nements qui attirent un large public.<br \/>\nC&#8217;est l&#8217;assurance de cr\u00e9er un moment m\u00e9morable pour vos clients.<\/p>\n<p>Ce service s&#8217;inscrit dans le cadre de notre relation \u00e0 long terme et de <a href=\"https:\/\/driiing.be\/field-marketing\/\">marketing de terrain<\/a>.[\/vc_column_text][\/vc_column][vc_column width=&#8221;1\/2&#8243;][vc_single_image image=&#8221;3517&#8243; img_size=&#8221;large&#8221;][\/vc_column][\/vc_row][vc_row][vc_column][vc_empty_space][vc_empty_space][vc_empty_space][vc_empty_space][\/vc_column][\/vc_row][vc_row][vc_column][vc_column_text]<\/p>\n<div class=\"wpb_text_column wpb_content_element \">\n<div class=\"wpb_wrapper\">\n<h3 style=\"text-align: center;\">Description du tarif :<\/h3>\n<\/div>\n<\/div>\n<p>[\/vc_column_text][\/vc_column][\/vc_row][vc_row][vc_column][vc_empty_space][vc_empty_space][\/vc_column][\/vc_row][vc_row el_class=&#8221;remove-column-padding&#8221;][vc_column width=&#8221;2\/12&#8243;][\/vc_column][vc_column width=&#8221;4\/12&#8243;]\n\t\t\t<div class=\" pricing pricing-1 boxed boxed--border boxed--lg text-center \">\n\t\t\t\t<h4>Photographie \u00e9v\u00e9nementielle<\/h4>\n\t\t\t\t<span class=\"h1\"><span class=\"pricing__dollar\">\u20ac<\/span>180<\/span>\n\t\t\t\t<\/p>\n<ul>\n<li>Recherche cr\u00e9ative bas\u00e9e sur un brief.<\/li>\n<li>Jusqu&#8217;\u00e0 3 heures de tournage pendant votre \u00e9v\u00e9nement<\/li>\n<li>S\u00e9lection et retouche des meilleures photos<\/li>\n<li>Afficher vos photos sur vos r\u00e9seaux sociaux et votre site Web<\/li>\n<\/ul>\n<p>\n\n\t\t\t\t\n\t\t\t\t<a class=\"btn btn--primary\" href=\"https:\/\/driiing.be\/contact\/\">Contactez-nous<\/a>\n\t\t\t<\/div><!--end pricing-->\n\t\t[\/vc_column][vc_column width=&#8221;4\/12&#8243;]\n\t\t\t<div class=\" pricing pricing-1 boxed boxed--border boxed--lg text-center boxed--emphasis\">\n\t\t\t\t<h4>Service inclus dans notre offre mensuelle<\/h4>\n\t\t\t\t<span class=\"h1\"><span class=\"pricing__dollar\">\u20ac<\/span>625<\/span>\n\t\t\t\t<\/p>\n<p style=\"text-align: left;\"><span>Un tarif mensuel de base qui inclut la gestion de vos r\u00e9seaux sociaux, l&#8217;encodage de vos \u00e9v\u00e9nements sur les agendas en ligne, la correction si n\u00e9cessaire de votre menu ou autre mat\u00e9riel promotionnel.<br \/>\nSont \u00e9galement inclus les services de cr\u00e9ation de flyers, ainsi que le d\u00e9veloppement de votre site web.<\/span><\/p>\n\n\t\t\t\t<span class=\"label\">Top<\/span>\n\t\t\t\t<a class=\"btn btn--primary-1\" href=\"https:\/\/driiing.be\/contact\/\">Contactez-nous<\/a>\n\t\t\t<\/div><!--end pricing-->\n\t\t[\/vc_column][vc_column width=&#8221;2\/12&#8243;][\/vc_column][\/vc_row][vc_row][vc_column][vc_empty_space][vc_empty_space][\/vc_column][\/vc_row][vc_row full_width=&#8221;stretch_row&#8221;][vc_column]\n\t\t\t<section class=\" bg--primary unpad cta cta-2\">\n\t\t\t\t<a href=\"https:\/\/driiing.be\/contact\/\" target=\"_self\">\n\t\t\t\t\t<div class=\"container\">\n\t\t\t\t\t\t<div class=\"row\">\n\t\t\t\t\t\t\t<div class=\"col-sm-12 text-center\">\n\t\t\t\t\t\t\t\t<h2>Contactez-nous<\/h2>\n\t\t\t\t\t\t\t<\/div>\n\t\t\t\t\t\t<\/div><!--end of row-->\n\t\t\t\t\t<\/div><!--end of container-->\n\t\t\t\t<\/a>\n\t\t\t<\/section>\n\t\t[\/vc_column][\/vc_row]<\/p>\n<p><\/p>\n<\/section>","protected":false},"excerpt":{"rendered":"<p>[vc_row full_width=&#8221;stretch_row&#8221;][vc_column][\/vc_column][\/vc_row][vc_row][vc_column width=&#8221;1\/4&#8243;][vc_empty_space height=&#8221;64px&#8221;][\/vc_column][vc_column width=&#8221;1\/4&#8243;][vc_empty_space height=&#8221;64px&#8221;][\/vc_column][vc_column width=&#8221;1\/4&#8243;][vc_empty_space height=&#8221;64px&#8221;][\/vc_column][vc_column width=&#8221;1\/4&#8243;][vc_empty_space height=&#8221;64px&#8221;][\/vc_column][\/vc_row][vc_row][vc_column][vc_empty_space height=&#8221;64px&#8221;][vc_column_text]Notre passion pour la photographie, le traitement et la retouche est notre&#8230;<\/p>\n","protected":false},"author":1,"featured_media":0,"parent":0,"menu_order":0,"comment_status":"closed","ping_status":"closed","template":"","meta":{"footnotes":""},"class_list":["post-783","page","type-page","status-publish","hentry"],"_links":{"self":[{"href":"https:\/\/driiing.be\/en\/wp-json\/wp\/v2\/pages\/783","targetHints":{"allow":["GET"]}}],"collection":[{"href":"https:\/\/driiing.be\/en\/wp-json\/wp\/v2\/pages"}],"about":[{"href":"https:\/\/driiing.be\/en\/wp-json\/wp\/v2\/types\/page"}],"author":[{"embeddable":true,"href":"https:\/\/driiing.be\/en\/wp-json\/wp\/v2\/users\/1"}],"replies":[{"embeddable":true,"href":"https:\/\/driiing.be\/en\/wp-json\/wp\/v2\/comments?post=783"}],"version-history":[{"count":3,"href":"https:\/\/driiing.be\/en\/wp-json\/wp\/v2\/pages\/783\/revisions"}],"predecessor-version":[{"id":5098,"href":"https:\/\/driiing.be\/en\/wp-json\/wp\/v2\/pages\/783\/revisions\/5098"}],"wp:attachment":[{"href":"https:\/\/driiing.be\/en\/wp-json\/wp\/v2\/media?parent=783"}],"curies":[{"name":"wp","href":"https:\/\/api.w.org\/{rel}","templated":true}]}}